{"id":109,"date":"2015-05-24T12:36:52","date_gmt":"2015-05-24T12:36:52","guid":{"rendered":"http:\/\/185.27.142.142\/~sabine2015\/?page_id=109"},"modified":"2015-08-25T10:11:51","modified_gmt":"2015-08-25T09:11:51","slug":"karriere","status":"publish","type":"page","link":"https:\/\/www.hoogendijk-bulldozers.nl\/de\/karriere\/","title":{"rendered":"Karriere"},"content":{"rendered":"<p>[et_pb_section fullwidth=&#8220;on&#8220; specialty=&#8220;off&#8220; inner_shadow=&#8220;off&#8220; parallax=&#8220;off&#8220; background_color=&#8220;#785b24&#8243; transparent_background=&#8220;off&#8220; allow_player_pause=&#8220;off&#8220; parallax_method=&#8220;off&#8220;][et_pb_fullwidth_header admin_label=&#8220;Fullwidth Header&#8220; title=&#8220;Arbeiten bei Hoogendijk&#8220; subhead=&#8220;Karriere&#8220; background_layout=&#8220;dark&#8220; text_orientation=&#8220;center&#8220; \/][\/et_pb_section][et_pb_section][et_pb_row][et_pb_column type=&#8220;4_4&#8243;][et_pb_text admin_label=&#8220;Text&#8220; background_layout=&#8220;light&#8220; text_orientation=&#8220;left&#8220;]<\/p>\n<p>Mit Berufserfahrung bieten wir Ihnen untergenannte freie Stellen.<\/p>\n<hr \/>\n<p>&nbsp;<\/p>\n<h2>Raupenfahrer<\/h2>\n<p>Wir suchen mit sofortigen Eintritt erfahrene Raupenfahrer. Sie haben Erfahrung mit dem Umgang von Raupen auf verschiedene Bodentypen. In Absprache mit den Kunden, k\u00f6nnen Sie die Grundlagen liefern. Sie k\u00f6nnen mit den Kunden in einer guten Art und Weise umgehen, Sie sind schlie\u00dflich die Visitenkarte unseres Unternehmens. Sie k\u00f6nnen auch selbst\u00e4ndig eine Arbeitszeichnung lesen, kleine St\u00f6rungen l\u00f6sen und Routinearbeiten f\u00fcr die t\u00e4gliche Wartung an der Raupe ausf\u00fchren.<\/p>\n<p><strong>Ihr Profil<\/strong><\/p>\n<ul>\n<li>\u00a0Sie k\u00f6nnen mit Laser und GPS arbeiten<\/li>\n<li>\u00a0Keine 9 bis 5 Mentalit\u00e4t<\/li>\n<li>\u00a0Sie sind die ganze Woche vom Hause<\/li>\n<li>\u00a0Flexibilit\u00e4t und Selbst\u00e4ndig<\/li>\n<\/ul>\n<p><strong>Wir bieten Ihnen<\/strong><br \/>\nEine abwechslungsreiche Arbeitsumfeld und ein hohes Ma\u00df an Autonomie in einem Familienunternehmen welchem verf\u00fcgt \u00fcber kurze Kommunikationswege.<\/p>\n<p><strong>Interesse?<\/strong><br \/>\nHaben wir Ihr Interesse geweckt? Dann bitten wir um Zusendung Ihrer aussagekr\u00e4ftigen Bewerbungsunterlagen mit Angabe des m\u00f6glichen Eintrittstermins an:<\/p>\n<p>Hoogendijk GmbH,<br \/>\nSiemenstra\u00dfe 31, 47533 Kleve.<br \/>\nOder schicken Sie uns eine E-mail: info@hoogendijk-raupen.de<\/p>\n<p>&nbsp;<\/p>\n<p>&nbsp;<\/p>\n<p>[\/et_pb_text][\/et_pb_column][\/et_pb_row][\/et_pb_section]<\/p>\n","protected":false},"excerpt":{"rendered":"<p><div class=\"et_pb_section et_pb_section_0 et_section_regular\" >\n\t\t\t\t\n\t\t\t\t\n\t\t\t\t\n\t\t\t\t\n\t\t\t\t\n\t\t\t\t\n\t\t\t\t\n\t\t\t\t\n\t\t\t\t\n\t\t\t<\/div><div class=\"et_pb_row et_pb_row_0 et_pb_row_empty\">\n\t\t\t\t\n\t\t\t\t\n\t\t\t\t\n\t\t\t\t\n\t\t\t\t\n\t\t\t<\/div> Mit Berufserfahrung bieten wir Ihnen untergenannte freie Stellen. &nbsp; Raupenfahrer Wir suchen mit sofortigen Eintritt erfahrene Raupenfahrer. Sie haben Erfahrung mit dem Umgang von Raupen auf verschiedene Bodentypen. In Absprache mit den Kunden, k\u00f6nnen Sie die Grundlagen liefern. Sie k\u00f6nnen mit den Kunden in einer guten Art und Weise umgehen, Sie sind schlie\u00dflich die [&hellip;]<\/p>\n","protected":false},"author":1,"featured_media":0,"parent":0,"menu_order":0,"comment_status":"closed","ping_status":"closed","template":"","meta":{"_et_pb_use_builder":"on","_et_pb_old_content":"","_et_gb_content_width":"","jetpack_post_was_ever_published":false,"footnotes":""},"class_list":["post-109","page","type-page","status-publish","hentry"],"jetpack_sharing_enabled":true,"jetpack_shortlink":"https:\/\/wp.me\/P6iujH-1L","_links":{"self":[{"href":"https:\/\/www.hoogendijk-bulldozers.nl\/de\/wp-json\/wp\/v2\/pages\/109","targetHints":{"allow":["GET"]}}],"collection":[{"href":"https:\/\/www.hoogendijk-bulldozers.nl\/de\/wp-json\/wp\/v2\/pages"}],"about":[{"href":"https:\/\/www.hoogendijk-bulldozers.nl\/de\/wp-json\/wp\/v2\/types\/page"}],"author":[{"embeddable":true,"href":"https:\/\/www.hoogendijk-bulldozers.nl\/de\/wp-json\/wp\/v2\/users\/1"}],"replies":[{"embeddable":true,"href":"https:\/\/www.hoogendijk-bulldozers.nl\/de\/wp-json\/wp\/v2\/comments?post=109"}],"version-history":[{"count":1,"href":"https:\/\/www.hoogendijk-bulldozers.nl\/de\/wp-json\/wp\/v2\/pages\/109\/revisions"}],"predecessor-version":[{"id":948,"href":"https:\/\/www.hoogendijk-bulldozers.nl\/de\/wp-json\/wp\/v2\/pages\/109\/revisions\/948"}],"wp:attachment":[{"href":"https:\/\/www.hoogendijk-bulldozers.nl\/de\/wp-json\/wp\/v2\/media?parent=109"}],"curies":[{"name":"wp","href":"https:\/\/api.w.org\/{rel}","templated":true}]}}