{"id":668,"date":"2015-06-05T00:13:29","date_gmt":"2015-06-04T23:13:29","guid":{"rendered":"http:\/\/www.hoogendijk-bulldozers.nl\/?page_id=668"},"modified":"2015-12-01T15:13:58","modified_gmt":"2015-12-01T14:13:58","slug":"home","status":"publish","type":"page","link":"https:\/\/www.hoogendijk-bulldozers.nl\/de\/","title":{"rendered":"Home"},"content":{"rendered":"<p>[et_pb_section fullwidth=&#8220;on&#8220; specialty=&#8220;off&#8220;][et_pb_fullwidth_slider admin_label=&#8220;Volle breedte slider&#8220; show_arrows=&#8220;on&#8220; show_pagination=&#8220;off&#8220; auto=&#8220;on&#8220; parallax=&#8220;off&#8220; parallax_method=&#8220;off&#8220;][et_pb_slide heading=&#8220;Hoogendijk Raupenvermietung GMBH&#8220; background_image=&#8220;https:\/\/www.hoogendijk-bulldozers.nl\/wp-content\/uploads\/2015\/05\/Image32.jpg&#8220; background_color=&#8220;#ffffff&#8220; alignment=&#8220;center&#8220; background_layout=&#8220;dark&#8220; allow_player_pause=&#8220;off&#8220; \/][et_pb_slide heading=&#8220;mieten mehrere Arten von Bulldozer&#8220; background_image=&#8220;https:\/\/www.hoogendijk-bulldozers.nl\/wp-content\/uploads\/2015\/05\/Image52.jpg&#8220; background_color=&#8220;#ffffff&#8220; alignment=&#8220;center&#8220; background_layout=&#8220;dark&#8220; allow_player_pause=&#8220;off&#8220; \/][et_pb_slide heading=&#8220;Kontaktieren Sie uns f\u00fcr weitere Informationen. &#8220; button_text=&#8220;Contact&#8220; button_link=&#8220;https:\/\/www.hoogendijk-bulldozers.nl\/de\/index.php\/contact\/&#8220; background_image=&#8220;https:\/\/www.hoogendijk-bulldozers.nl\/wp-content\/uploads\/2015\/05\/Image72.jpg&#8220; background_color=&#8220;#ffffff&#8220; alignment=&#8220;center&#8220; background_layout=&#8220;dark&#8220; allow_player_pause=&#8220;off&#8220; \/][\/et_pb_fullwidth_slider][\/et_pb_section][et_pb_section fullwidth=&#8220;off&#8220; specialty=&#8220;off&#8220; transparent_background=&#8220;off&#8220; allow_player_pause=&#8220;off&#8220; inner_shadow=&#8220;off&#8220; parallax=&#8220;off&#8220; parallax_method=&#8220;off&#8220; background_color=&#8220;#ffffff&#8220;][et_pb_row][et_pb_column type=&#8220;4_4&#8243;][et_pb_text admin_label=&#8220;Tekst&#8220; background_layout=&#8220;light&#8220; text_orientation=&#8220;left&#8220;]<\/p>\n<h3><strong>Herzlich Willkommen auf der Internetseite von Hoogendijk GmbH<\/strong><\/h3>\n<p>Hoogendijk GmbH ist ein Bauunternehmen und wir vermieten Planierraupen und Hydraulische Kr\u00e4ne f\u00fcr jeden Einsatzzweck der sich besch\u00e4ftigt mit Erdarbeiten, tiefw\u00fchlen und tiefpfl\u00fcgen. M\u00f6chten Sie eine Planierraupe mieten? Wir haben verschiedene Planierraupen, Caterpillar D4 bis zum D10 eventuell versehen mit Aufrei\u00dfer und beim Feinplanung arbeiten wir mit Laser und GPS. Es stehen Maschinen mit modernster Technik, bedient von Spezialisten mit jahrelanger Feinplanerfahrung zur Verf\u00fcgung. Laser-, Ultraschall- und ATS-Anlagen werden von den Maschinisten selbst\u00e4ndig aufgebaut und eingestellt. Unserem hauseigene Tieflader bewegt unsere Baumaschinen zu Ihrer Baustelle. Durch unseren Fuhrpark sind wir jederzeit flexibel und k\u00f6nnen individuelle Bed\u00fcrfnisse unserer jeweiligen Kunden in einem hohen Ma\u00df erf\u00fcllen. Sie k\u00f6nnen uns auch anrufen f\u00fcr Reparatur- und Ersatzteilservice, qualifiziertes Bedienpersonal und Baumaschinentransport. [\/et_pb_text][\/et_pb_column][\/et_pb_row][\/et_pb_section][et_pb_section fullwidth=&#8220;on&#8220; specialty=&#8220;off&#8220; background_color=&#8220;#ffffff&#8220; inner_shadow=&#8220;on&#8220; parallax=&#8220;on&#8220; background_image=&#8220;https:\/\/www.hoogendijk-bulldozers.nl\/wp-content\/uploads\/2015\/05\/D6T-nr.-68-12.05.16-bulldozer-op-taluut1.jpg&#8220; transparent_background=&#8220;off&#8220; allow_player_pause=&#8220;off&#8220; parallax_method=&#8220;off&#8220;][et_pb_fullwidth_header admin_label=&#8220;Volle breedte header&#8220; background_layout=&#8220;light&#8220; text_orientation=&#8220;left&#8220; \/][\/et_pb_section][et_pb_section transparent_background=&#8220;off&#8220; background_color=&#8220;#ffffff&#8220; allow_player_pause=&#8220;off&#8220; inner_shadow=&#8220;off&#8220; parallax=&#8220;off&#8220; parallax_method=&#8220;off&#8220;][et_pb_row][et_pb_column type=&#8220;1_3&#8243;][et_pb_blurb admin_label=&#8220;Blurb&#8220; title=&#8220;Verleih&#8220; url_new_window=&#8220;off&#8220; use_icon=&#8220;off&#8220; icon_color=&#8220;#785b24&#8243; use_circle=&#8220;on&#8220; circle_color=&#8220;#ffb80f&#8220; use_circle_border=&#8220;off&#8220; circle_border_color=&#8220;#2ea3f2&#8243; image=&#8220;https:\/\/www.hoogendijk-bulldozers.nl\/wp-content\/uploads\/2015\/05\/image0012.jpg&#8220; icon_placement=&#8220;top&#8220; animation=&#8220;top&#8220; background_layout=&#8220;light&#8220; text_orientation=&#8220;center&#8220; font_icon=&#8220;\ue0a0&#8220; url=&#8220;https:\/\/www.hoogendijk-bulldozers.nl\/de\/index.php\/planierraupen\/&#8220;] Hoogendijk GmbH verleiht verschiedene Typen Planierraupen von der Marke Caterpillar: D4C,\u00a0D6K serie II (mit Dieselpartikelfilter), D6H, D6R, D6N, D6R serie III, D6T, D6T (Trier 4 Final), D9N und D10. [\/et_pb_blurb][\/et_pb_column][et_pb_column type=&#8220;1_3&#8243;][et_pb_blurb admin_label=&#8220;Blurb&#8220; title=&#8220;Reparatur&#8220; url_new_window=&#8220;off&#8220; use_icon=&#8220;off&#8220; icon_color=&#8220;#785b24&#8243; use_circle=&#8220;on&#8220; circle_color=&#8220;#ffb80f&#8220; use_circle_border=&#8220;off&#8220; circle_border_color=&#8220;#2ea3f2&#8243; image=&#8220;https:\/\/www.hoogendijk-bulldozers.nl\/wp-content\/uploads\/2015\/06\/tools.jpg&#8220; icon_placement=&#8220;top&#8220; animation=&#8220;top&#8220; background_layout=&#8220;light&#8220; text_orientation=&#8220;center&#8220; font_icon=&#8220;\ue035&#8220; url=&#8220;https:\/\/www.hoogendijk-bulldozers.nl\/de\/index.php\/planierraupen\/&#8220;]<\/p>\n<p style=\"text-align: left;\">Wir sind spezialisiert auf das \u00dcberholen von Erdarbeitmaschinen. Wir reparieren auch f\u00fcr Dritten allerlei andere Erdarbeitmaschinen u.a. Kr\u00e4ne.<\/p>\n<p>[\/et_pb_blurb][\/et_pb_column][et_pb_column type=&#8220;1_3&#8243;][\/et_pb_column][\/et_pb_row][\/et_pb_section][et_pb_section fullwidth=&#8220;on&#8220; specialty=&#8220;off&#8220; background_color=&#8220;#ffffff&#8220; inner_shadow=&#8220;on&#8220; parallax=&#8220;on&#8220; background_image=&#8220;https:\/\/www.hoogendijk-bulldozers.nl\/wp-content\/uploads\/2015\/05\/D6T-nr.-68-12.05.16-bulldozer-op-taluut1.jpg&#8220; transparent_background=&#8220;off&#8220; allow_player_pause=&#8220;off&#8220; parallax_method=&#8220;off&#8220;][et_pb_fullwidth_header admin_label=&#8220;Volle breedte header&#8220; background_layout=&#8220;light&#8220; text_orientation=&#8220;left&#8220; \/][\/et_pb_section][et_pb_section fullwidth=&#8220;off&#8220; specialty=&#8220;off&#8220; background_color=&#8220;#ffffff&#8220; inner_shadow=&#8220;off&#8220; parallax=&#8220;off&#8220; transparent_background=&#8220;off&#8220; allow_player_pause=&#8220;off&#8220; parallax_method=&#8220;off&#8220;][et_pb_row][et_pb_column type=&#8220;1_2&#8243;][et_pb_testimonial admin_label=&#8220;Testimonial&#8220; author=&#8220;Mark Hoogendijk&#8220; company_name=&#8220;Hoogendijk GmbH&#8220; url_new_window=&#8220;off&#8220; portrait_url=&#8220;https:\/\/www.hoogendijk-bulldozers.nl\/wp-content\/uploads\/2015\/05\/Mark-Hoogendijk.jpg&#8220; quote_icon=&#8220;off&#8220; use_background_color=&#8220;on&#8220; background_color=&#8220;#f5f5f5&#8243; background_layout=&#8220;light&#8220; text_orientation=&#8220;left&#8220; \/][\/et_pb_column][et_pb_column type=&#8220;1_2&#8243;][et_pb_testimonial admin_label=&#8220;Testimonial&#8220; author=&#8220;Joachim Hoogendijk&#8220; company_name=&#8220;Hoogendijk GmbH&#8220; url_new_window=&#8220;off&#8220; portrait_url=&#8220;https:\/\/www.hoogendijk-bulldozers.nl\/wp-content\/uploads\/2015\/05\/Joachim-Hoogendijk.jpg&#8220; quote_icon=&#8220;off&#8220; use_background_color=&#8220;on&#8220; background_color=&#8220;#f5f5f5&#8243; background_layout=&#8220;light&#8220; text_orientation=&#8220;left&#8220; \/][\/et_pb_column][\/et_pb_row][\/et_pb_section][et_pb_section fullwidth=&#8220;on&#8220; specialty=&#8220;off&#8220; background_color=&#8220;#ffffff&#8220; inner_shadow=&#8220;on&#8220; parallax=&#8220;on&#8220; background_image=&#8220;https:\/\/www.hoogendijk-bulldozers.nl\/wp-content\/uploads\/2015\/05\/D6T-nr.-68-12.05.16-bulldozer-op-taluut1.jpg&#8220; transparent_background=&#8220;off&#8220; allow_player_pause=&#8220;off&#8220; parallax_method=&#8220;off&#8220;][et_pb_fullwidth_header admin_label=&#8220;Volle breedte header&#8220; background_layout=&#8220;light&#8220; text_orientation=&#8220;left&#8220; \/][\/et_pb_section]<\/p>\n","protected":false},"excerpt":{"rendered":"<p><div class=\"et_pb_row et_pb_row_0 et_pb_row_empty\">\n\t\t\t\t\n\t\t\t\t\n\t\t\t\t\n\t\t\t\t\n\t\t\t\t\n\t\t\t<\/div> Herzlich Willkommen auf der Internetseite von Hoogendijk GmbH Hoogendijk GmbH ist ein Bauunternehmen und wir vermieten Planierraupen und Hydraulische Kr\u00e4ne f\u00fcr jeden Einsatzzweck der sich besch\u00e4ftigt mit Erdarbeiten, tiefw\u00fchlen und tiefpfl\u00fcgen. M\u00f6chten Sie eine Planierraupe mieten? Wir haben verschiedene Planierraupen, Caterpillar D4 bis zum D10 eventuell versehen mit Aufrei\u00dfer und beim Feinplanung arbeiten wir [&hellip;]<\/p>\n","protected":false},"author":1,"featured_media":0,"parent":0,"menu_order":0,"comment_status":"closed","ping_status":"closed","template":"","meta":{"_et_pb_use_builder":"on","_et_pb_old_content":"","_et_gb_content_width":"","jetpack_post_was_ever_published":false,"footnotes":""},"class_list":["post-668","page","type-page","status-publish","hentry"],"jetpack_sharing_enabled":true,"jetpack_shortlink":"https:\/\/wp.me\/P6iujH-aM","_links":{"self":[{"href":"https:\/\/www.hoogendijk-bulldozers.nl\/de\/wp-json\/wp\/v2\/pages\/668","targetHints":{"allow":["GET"]}}],"collection":[{"href":"https:\/\/www.hoogendijk-bulldozers.nl\/de\/wp-json\/wp\/v2\/pages"}],"about":[{"href":"https:\/\/www.hoogendijk-bulldozers.nl\/de\/wp-json\/wp\/v2\/types\/page"}],"author":[{"embeddable":true,"href":"https:\/\/www.hoogendijk-bulldozers.nl\/de\/wp-json\/wp\/v2\/users\/1"}],"replies":[{"embeddable":true,"href":"https:\/\/www.hoogendijk-bulldozers.nl\/de\/wp-json\/wp\/v2\/comments?post=668"}],"version-history":[{"count":18,"href":"https:\/\/www.hoogendijk-bulldozers.nl\/de\/wp-json\/wp\/v2\/pages\/668\/revisions"}],"predecessor-version":[{"id":988,"href":"https:\/\/www.hoogendijk-bulldozers.nl\/de\/wp-json\/wp\/v2\/pages\/668\/revisions\/988"}],"wp:attachment":[{"href":"https:\/\/www.hoogendijk-bulldozers.nl\/de\/wp-json\/wp\/v2\/media?parent=668"}],"curies":[{"name":"wp","href":"https:\/\/api.w.org\/{rel}","templated":true}]}}