{"id":750,"date":"2015-06-05T01:42:47","date_gmt":"2015-06-05T00:42:47","guid":{"rendered":"http:\/\/www.hoogendijk-bulldozers.nl\/bulldozers-2\/"},"modified":"2015-08-26T09:07:13","modified_gmt":"2015-08-26T08:07:13","slug":"planierraupen","status":"publish","type":"page","link":"https:\/\/www.hoogendijk-bulldozers.nl\/de\/planierraupen\/","title":{"rendered":"Planierraupen"},"content":{"rendered":"<p>[et_pb_section fullwidth=&#8220;on&#8220; specialty=&#8220;off&#8220; transparent_background=&#8220;off&#8220; background_color=&#8220;#785b24&#8243; allow_player_pause=&#8220;off&#8220; inner_shadow=&#8220;off&#8220; parallax=&#8220;off&#8220; parallax_method=&#8220;off&#8220;][et_pb_fullwidth_header admin_label=&#8220;Volle breedte header&#8220; title=&#8220;Unsere Planierraupen&#8220; background_layout=&#8220;dark&#8220; text_orientation=&#8220;center&#8220; \/][\/et_pb_section][et_pb_section transparent_background=&#8220;off&#8220; allow_player_pause=&#8220;off&#8220; inner_shadow=&#8220;off&#8220; parallax=&#8220;off&#8220; parallax_method=&#8220;off&#8220;][et_pb_row][et_pb_column type=&#8220;4_4&#8243;][et_pb_text admin_label=&#8220;Tekst&#8220; background_layout=&#8220;light&#8220; text_orientation=&#8220;left&#8220;]<\/p>\n<p><strong>Planierraupe Verleih <\/strong><br \/>\nHoogendijk GmbH verleiht verschiedene Typen Planierraupen von der Marke Caterpillar: D4C,\u00a0D6K II (mit Dieselpartikelfilter), D6H, D6R, D6N, D6R III, D6T, D6T LGP (Trier 4 Final), D9N und D10. Eventuell m\u00f6glich mit Maschinisten, Aufrei\u00dfer und Laser oder GPS gesteuert.<br \/>\nZugleich verleihen wir kleine Baumaschinen zum Graben und selbstfahrende Walzen mit glattem Mantel.<\/p>\n<p>Wir transportieren selber, deshalb sind wir zu jeder Zeit einsatzf\u00e4hig.<\/p>\n<p>&nbsp;<\/p>\n<p><em>Caterpillar D4C und D6K II:\u00a0<\/em>Dies sind die kleinsten Planierraupe\u00a0die wir verleihen. Sie k\u00f6nnen auf Ackerland, Waldgel\u00e4nde und auf sehr starken Industrieboden verwendet werden.<\/p>\n<p><em>Caterpillar D6H, D6R, D6N, D6R III, D6T:\u00a0<\/em> Diesem Raupen sind die gebr\u00e4uchlichsten Maschinen und kann f\u00fcr fast alle Aktivit\u00e4ten verwendet werden.<\/p>\n<p><em>Caterpillar D9 und D10:\u00a0<\/em>Die meist\u00a0kraftvolle Baumaschinen, die f\u00fcr schwere Aktivit\u00e4ten eingesetzt werden k\u00f6nnen. Wenn der Aufrei\u00dfer verwendet wird, sei es m\u00f6glich ganze Fahrbahndecken aufzurei\u00dfen. Auch sind diese Planierraupen gut einsatzf\u00e4hig auf bergige Gebiete.<\/p>\n<p>[\/et_pb_text][et_pb_accordion admin_label=&#8220;Accordeon&#8220;][et_pb_accordion_item title=&#8220;Caterpillar D4C LGP 7,9 ton \/ 80 pk&#8220;]<\/p>\n<p><a href=\"https:\/\/www.hoogendijk-bulldozers.nl\/wp-content\/uploads\/2015\/06\/D4C-2-6-20151.jpg\"><img loading=\"lazy\" decoding=\"async\" class=\"alignleft size-full wp-image-756\" src=\"https:\/\/www.hoogendijk-bulldozers.nl\/wp-content\/uploads\/2015\/06\/D4C-2-6-20151.jpg\" alt=\"D4C\" width=\"640\" height=\"480\" srcset=\"https:\/\/www.hoogendijk-bulldozers.nl\/wp-content\/uploads\/2015\/06\/D4C-2-6-20151.jpg 640w, https:\/\/www.hoogendijk-bulldozers.nl\/wp-content\/uploads\/2015\/06\/D4C-2-6-20151-300x225.jpg 300w\" sizes=\"(max-width: 640px) 100vw, 640px\" \/><\/a><\/p>\n<p>[\/et_pb_accordion_item][et_pb_accordion_item title=&#8220;Caterpillar D6H LGP 23 ton \/ 185 pk&#8220;]<\/p>\n<p><a href=\"https:\/\/www.hoogendijk-bulldozers.nl\/wp-content\/uploads\/2015\/07\/D6H-LGP.jpg\"><img loading=\"lazy\" decoding=\"async\" data-attachment-id=\"813\" data-permalink=\"https:\/\/www.hoogendijk-bulldozers.nl\/de\/planierraupen\/d6h-lgp-2\/\" data-orig-file=\"https:\/\/www.hoogendijk-bulldozers.nl\/wp-content\/uploads\/2015\/07\/D6H-LGP.jpg\" data-orig-size=\"999,749\" data-comments-opened=\"0\" data-image-meta=\"{&quot;aperture&quot;:&quot;0&quot;,&quot;credit&quot;:&quot;&quot;,&quot;camera&quot;:&quot;&quot;,&quot;caption&quot;:&quot;&quot;,&quot;created_timestamp&quot;:&quot;0&quot;,&quot;copyright&quot;:&quot;&quot;,&quot;focal_length&quot;:&quot;0&quot;,&quot;iso&quot;:&quot;0&quot;,&quot;shutter_speed&quot;:&quot;0&quot;,&quot;title&quot;:&quot;&quot;,&quot;orientation&quot;:&quot;0&quot;}\" data-image-title=\"D6H LGP\" data-image-description=\"\" data-image-caption=\"\" data-large-file=\"https:\/\/www.hoogendijk-bulldozers.nl\/wp-content\/uploads\/2015\/07\/D6H-LGP.jpg\" class=\"alignnone  wp-image-813\" src=\"https:\/\/www.hoogendijk-bulldozers.nl\/wp-content\/uploads\/2015\/07\/D6H-LGP.jpg\" alt=\"D6H LGP\" width=\"671\" height=\"503\" srcset=\"https:\/\/www.hoogendijk-bulldozers.nl\/wp-content\/uploads\/2015\/07\/D6H-LGP.jpg 999w, https:\/\/www.hoogendijk-bulldozers.nl\/wp-content\/uploads\/2015\/07\/D6H-LGP-300x225.jpg 300w\" sizes=\"(max-width: 671px) 100vw, 671px\" \/><\/a><\/p>\n<p>[\/et_pb_accordion_item][et_pb_accordion_item title=&#8220;Caterpillar D6K2 LGP (Trier 4 Interim\/Stage IIIB) 14,5 ton \/ 155 pk&#8220;]<\/p>\n<p><a href=\"https:\/\/www.hoogendijk-bulldozers.nl\/wp-content\/uploads\/2015\/06\/D6K1.jpg\"><img loading=\"lazy\" decoding=\"async\" class=\"alignleft size-full wp-image-759\" src=\"https:\/\/www.hoogendijk-bulldozers.nl\/wp-content\/uploads\/2015\/06\/D6K1.jpg\" alt=\"D6K\" width=\"640\" height=\"480\" srcset=\"https:\/\/www.hoogendijk-bulldozers.nl\/wp-content\/uploads\/2015\/06\/D6K1.jpg 640w, https:\/\/www.hoogendijk-bulldozers.nl\/wp-content\/uploads\/2015\/06\/D6K1-300x225.jpg 300w\" sizes=\"(max-width: 640px) 100vw, 640px\" \/><\/a><\/p>\n<p>[\/et_pb_accordion_item][et_pb_accordion_item title=&#8220;Caterpillar D6N LGP 17,3 ton \/ 152 pk&#8220;]<\/p>\n<p><a href=\"https:\/\/www.hoogendijk-bulldozers.nl\/wp-content\/uploads\/2015\/05\/D6T-GP-235-ton1.jpg\"><img loading=\"lazy\" decoding=\"async\" data-attachment-id=\"845\" data-permalink=\"https:\/\/www.hoogendijk-bulldozers.nl\/de\/planierraupen\/d6t-gp-235-ton-3-2\/\" data-orig-file=\"https:\/\/www.hoogendijk-bulldozers.nl\/wp-content\/uploads\/2015\/05\/D6T-GP-235-ton1.jpg\" data-orig-size=\"640,480\" data-comments-opened=\"0\" data-image-meta=\"{&quot;aperture&quot;:&quot;0&quot;,&quot;credit&quot;:&quot;&quot;,&quot;camera&quot;:&quot;&quot;,&quot;caption&quot;:&quot;&quot;,&quot;created_timestamp&quot;:&quot;0&quot;,&quot;copyright&quot;:&quot;&quot;,&quot;focal_length&quot;:&quot;0&quot;,&quot;iso&quot;:&quot;0&quot;,&quot;shutter_speed&quot;:&quot;0&quot;,&quot;title&quot;:&quot;&quot;,&quot;orientation&quot;:&quot;0&quot;}\" data-image-title=\"D6T GP 23,5 ton\" data-image-description=\"\" data-image-caption=\"\" data-large-file=\"https:\/\/www.hoogendijk-bulldozers.nl\/wp-content\/uploads\/2015\/05\/D6T-GP-235-ton1.jpg\" class=\"alignnone size-full wp-image-845\" src=\"https:\/\/www.hoogendijk-bulldozers.nl\/wp-content\/uploads\/2015\/05\/D6T-GP-235-ton1.jpg\" alt=\"D6T GP 23,5 ton\" width=\"640\" height=\"480\" srcset=\"https:\/\/www.hoogendijk-bulldozers.nl\/wp-content\/uploads\/2015\/05\/D6T-GP-235-ton1.jpg 640w, https:\/\/www.hoogendijk-bulldozers.nl\/wp-content\/uploads\/2015\/05\/D6T-GP-235-ton1-300x225.jpg 300w\" sizes=\"(max-width: 640px) 100vw, 640px\" \/><\/a><\/p>\n<p>[\/et_pb_accordion_item][et_pb_accordion_item title=&#8220;Caterpillar D6R II LGP 23 ton \/ 190 pk&#8220;]<\/p>\n<p><a href=\"https:\/\/www.hoogendijk-bulldozers.nl\/wp-content\/uploads\/2015\/06\/D6R-2-6-2015.2.jpg\"><img loading=\"lazy\" decoding=\"async\" class=\"alignleft size-full wp-image-765\" src=\"https:\/\/www.hoogendijk-bulldozers.nl\/wp-content\/uploads\/2015\/06\/D6R-2-6-2015.2.jpg\" alt=\"D6R\" width=\"640\" height=\"480\" srcset=\"https:\/\/www.hoogendijk-bulldozers.nl\/wp-content\/uploads\/2015\/06\/D6R-2-6-2015.2.jpg 640w, https:\/\/www.hoogendijk-bulldozers.nl\/wp-content\/uploads\/2015\/06\/D6R-2-6-2015.2-300x225.jpg 300w\" sizes=\"(max-width: 640px) 100vw, 640px\" \/><\/a><\/p>\n<p>[\/et_pb_accordion_item][et_pb_accordion_item title=&#8220;Caterpillar D6T LGP mit PAT Blatt 26 ton \/ 202 pk&#8220;]<\/p>\n<p><a href=\"https:\/\/www.hoogendijk-bulldozers.nl\/wp-content\/uploads\/2015\/05\/D6T-LGP1.jpg\"><img loading=\"lazy\" decoding=\"async\" data-attachment-id=\"851\" data-permalink=\"https:\/\/www.hoogendijk-bulldozers.nl\/de\/planierraupen\/d6t-lgp-3-2\/\" data-orig-file=\"https:\/\/www.hoogendijk-bulldozers.nl\/wp-content\/uploads\/2015\/05\/D6T-LGP1.jpg\" data-orig-size=\"640,480\" data-comments-opened=\"0\" data-image-meta=\"{&quot;aperture&quot;:&quot;0&quot;,&quot;credit&quot;:&quot;&quot;,&quot;camera&quot;:&quot;&quot;,&quot;caption&quot;:&quot;&quot;,&quot;created_timestamp&quot;:&quot;0&quot;,&quot;copyright&quot;:&quot;&quot;,&quot;focal_length&quot;:&quot;0&quot;,&quot;iso&quot;:&quot;0&quot;,&quot;shutter_speed&quot;:&quot;0&quot;,&quot;title&quot;:&quot;&quot;,&quot;orientation&quot;:&quot;0&quot;}\" data-image-title=\"D6T LGP\" data-image-description=\"\" data-image-caption=\"\" data-large-file=\"https:\/\/www.hoogendijk-bulldozers.nl\/wp-content\/uploads\/2015\/05\/D6T-LGP1.jpg\" class=\"alignnone size-full wp-image-851\" src=\"https:\/\/www.hoogendijk-bulldozers.nl\/wp-content\/uploads\/2015\/05\/D6T-LGP1.jpg\" alt=\"D6T LGP\" width=\"640\" height=\"480\" srcset=\"https:\/\/www.hoogendijk-bulldozers.nl\/wp-content\/uploads\/2015\/05\/D6T-LGP1.jpg 640w, https:\/\/www.hoogendijk-bulldozers.nl\/wp-content\/uploads\/2015\/05\/D6T-LGP1-300x225.jpg 300w\" sizes=\"(max-width: 640px) 100vw, 640px\" \/><\/a><\/p>\n<p>[\/et_pb_accordion_item][et_pb_accordion_item title=&#8220;Caterpillar D6T LGP 23,5 ton \/ 202 pk&#8220;]<\/p>\n<p><a href=\"https:\/\/www.hoogendijk-bulldozers.nl\/wp-content\/uploads\/2015\/07\/D6T-LGP.jpg\"><img loading=\"lazy\" decoding=\"async\" data-attachment-id=\"862\" data-permalink=\"https:\/\/www.hoogendijk-bulldozers.nl\/de\/planierraupen\/d6t-lgp-4\/\" data-orig-file=\"https:\/\/www.hoogendijk-bulldozers.nl\/wp-content\/uploads\/2015\/07\/D6T-LGP.jpg\" data-orig-size=\"640,481\" data-comments-opened=\"0\" data-image-meta=\"{&quot;aperture&quot;:&quot;0&quot;,&quot;credit&quot;:&quot;&quot;,&quot;camera&quot;:&quot;&quot;,&quot;caption&quot;:&quot;&quot;,&quot;created_timestamp&quot;:&quot;0&quot;,&quot;copyright&quot;:&quot;&quot;,&quot;focal_length&quot;:&quot;0&quot;,&quot;iso&quot;:&quot;0&quot;,&quot;shutter_speed&quot;:&quot;0&quot;,&quot;title&quot;:&quot;&quot;,&quot;orientation&quot;:&quot;0&quot;}\" data-image-title=\"D6T LGP\" data-image-description=\"\" data-image-caption=\"&lt;p&gt;Caterpillar D6T LGP&lt;br \/&gt;\n23,5 ton \/ 202 pk&lt;\/p&gt;\n\" data-large-file=\"https:\/\/www.hoogendijk-bulldozers.nl\/wp-content\/uploads\/2015\/07\/D6T-LGP.jpg\" class=\"alignnone size-full wp-image-862\" src=\"https:\/\/www.hoogendijk-bulldozers.nl\/wp-content\/uploads\/2015\/07\/D6T-LGP.jpg\" alt=\"D6T LGP\" width=\"640\" height=\"481\" srcset=\"https:\/\/www.hoogendijk-bulldozers.nl\/wp-content\/uploads\/2015\/07\/D6T-LGP.jpg 640w, https:\/\/www.hoogendijk-bulldozers.nl\/wp-content\/uploads\/2015\/07\/D6T-LGP-300x225.jpg 300w\" sizes=\"(max-width: 640px) 100vw, 640px\" \/><\/a><\/p>\n<p>[\/et_pb_accordion_item][et_pb_accordion_item title=&#8220;D6T LGP (Trier 4 Final) 24 ton \/ 207 pk&#8220;]<\/p>\n<p><a href=\"https:\/\/www.hoogendijk-bulldozers.nl\/wp-content\/uploads\/2015\/06\/D6T-nr-71-Uden.jpg\"><img loading=\"lazy\" decoding=\"async\" data-attachment-id=\"956\" data-permalink=\"https:\/\/www.hoogendijk-bulldozers.nl\/de\/planierraupen\/d6t-nr-71-uden-2\/\" data-orig-file=\"https:\/\/www.hoogendijk-bulldozers.nl\/wp-content\/uploads\/2015\/06\/D6T-nr-71-Uden.jpg\" data-orig-size=\"640,480\" data-comments-opened=\"0\" data-image-meta=\"{&quot;aperture&quot;:&quot;0&quot;,&quot;credit&quot;:&quot;&quot;,&quot;camera&quot;:&quot;&quot;,&quot;caption&quot;:&quot;&quot;,&quot;created_timestamp&quot;:&quot;0&quot;,&quot;copyright&quot;:&quot;&quot;,&quot;focal_length&quot;:&quot;0&quot;,&quot;iso&quot;:&quot;0&quot;,&quot;shutter_speed&quot;:&quot;0&quot;,&quot;title&quot;:&quot;&quot;,&quot;orientation&quot;:&quot;0&quot;}\" data-image-title=\"Bulldozer Planierraupe D6T, nr 71\" data-image-description=\"\" data-image-caption=\"\" data-large-file=\"https:\/\/www.hoogendijk-bulldozers.nl\/wp-content\/uploads\/2015\/06\/D6T-nr-71-Uden.jpg\" class=\"alignnone size-full wp-image-956\" src=\"https:\/\/www.hoogendijk-bulldozers.nl\/wp-content\/uploads\/2015\/06\/D6T-nr-71-Uden.jpg\" alt=\"D6T, nr 71 Uden\" width=\"640\" height=\"480\" srcset=\"https:\/\/www.hoogendijk-bulldozers.nl\/wp-content\/uploads\/2015\/06\/D6T-nr-71-Uden.jpg 640w, https:\/\/www.hoogendijk-bulldozers.nl\/wp-content\/uploads\/2015\/06\/D6T-nr-71-Uden-300x225.jpg 300w\" sizes=\"(max-width: 640px) 100vw, 640px\" \/><\/a><\/p>\n<p>[\/et_pb_accordion_item][\/et_pb_accordion][\/et_pb_column][\/et_pb_row][et_pb_row][et_pb_column type=&#8220;1_2&#8243;][et_pb_video admin_label=&#8220;Video&#8220; src=&#8220;https:\/\/youtu.be\/34S95eGsVAc&#8220; \/][\/et_pb_column][et_pb_column type=&#8220;1_2&#8243;][et_pb_video admin_label=&#8220;Video&#8220; src=&#8220;https:\/\/youtu.be\/oJpuIlj7ESE&#8220; \/][\/et_pb_column][\/et_pb_row][\/et_pb_section]<\/p>\n","protected":false},"excerpt":{"rendered":"<p><div class=\"et_pb_row et_pb_row_0 et_pb_row_empty\">\n\t\t\t\t\n\t\t\t\t\n\t\t\t\t\n\t\t\t\t\n\t\t\t\t\n\t\t\t<\/div> Planierraupe Verleih Hoogendijk GmbH verleiht verschiedene Typen Planierraupen von der Marke Caterpillar: D4C,\u00a0D6K II (mit Dieselpartikelfilter), D6H, D6R, D6N, D6R III, D6T, D6T LGP (Trier 4 Final), D9N und D10. Eventuell m\u00f6glich mit Maschinisten, Aufrei\u00dfer und Laser oder GPS gesteuert. Zugleich verleihen wir kleine Baumaschinen zum Graben und selbstfahrende Walzen mit glattem Mantel. Wir [&hellip;]<\/p>\n","protected":false},"author":1,"featured_media":0,"parent":0,"menu_order":0,"comment_status":"closed","ping_status":"closed","template":"","meta":{"_et_pb_use_builder":"on","_et_pb_old_content":"","_et_gb_content_width":"","jetpack_post_was_ever_published":false,"footnotes":""},"class_list":["post-750","page","type-page","status-publish","hentry"],"jetpack_sharing_enabled":true,"jetpack_shortlink":"https:\/\/wp.me\/P6iujH-c6","_links":{"self":[{"href":"https:\/\/www.hoogendijk-bulldozers.nl\/de\/wp-json\/wp\/v2\/pages\/750","targetHints":{"allow":["GET"]}}],"collection":[{"href":"https:\/\/www.hoogendijk-bulldozers.nl\/de\/wp-json\/wp\/v2\/pages"}],"about":[{"href":"https:\/\/www.hoogendijk-bulldozers.nl\/de\/wp-json\/wp\/v2\/types\/page"}],"author":[{"embeddable":true,"href":"https:\/\/www.hoogendijk-bulldozers.nl\/de\/wp-json\/wp\/v2\/users\/1"}],"replies":[{"embeddable":true,"href":"https:\/\/www.hoogendijk-bulldozers.nl\/de\/wp-json\/wp\/v2\/comments?post=750"}],"version-history":[{"count":29,"href":"https:\/\/www.hoogendijk-bulldozers.nl\/de\/wp-json\/wp\/v2\/pages\/750\/revisions"}],"predecessor-version":[{"id":962,"href":"https:\/\/www.hoogendijk-bulldozers.nl\/de\/wp-json\/wp\/v2\/pages\/750\/revisions\/962"}],"wp:attachment":[{"href":"https:\/\/www.hoogendijk-bulldozers.nl\/de\/wp-json\/wp\/v2\/media?parent=750"}],"curies":[{"name":"wp","href":"https:\/\/api.w.org\/{rel}","templated":true}]}}